{"id":18,"date":"2014-04-29T17:06:02","date_gmt":"2014-04-29T17:06:02","guid":{"rendered":"http:\/\/musikfreunde-siersburg.de\/?page_id=18"},"modified":"2016-01-31T16:58:33","modified_gmt":"2016-01-31T16:58:33","slug":"ueber-uns","status":"publish","type":"page","link":"https:\/\/musikfreunde-siersburg.de\/?page_id=18","title":{"rendered":"\u00dcber uns"},"content":{"rendered":"<p><a href=\"http:\/\/musikfreunde-siersburg.de\/wp-content\/uploads\/2014\/04\/shapeimage_2-604x270.png\"><img loading=\"lazy\" decoding=\"async\" class=\"aligncenter size-full wp-image-13\" src=\"http:\/\/musikfreunde-siersburg.de\/wp-content\/uploads\/2014\/04\/shapeimage_2-604x270.png\" alt=\"Willkommen\" width=\"604\" height=\"270\" srcset=\"https:\/\/musikfreunde-siersburg.de\/wp-content\/uploads\/2014\/04\/shapeimage_2-604x270.png 604w, https:\/\/musikfreunde-siersburg.de\/wp-content\/uploads\/2014\/04\/shapeimage_2-604x270-300x134.png 300w\" sizes=\"auto, (max-width: 604px) 100vw, 604px\" \/><\/a>Der Verein der Musikfreunde Siersburg e.V. wurde\u00a0 1932 gegr\u00fcndet. Damals kamen die Gr\u00fcndungsmitglieder, zu denen u.A. die vereinstraditionsreichen Familien Jung und Schramm geh\u00f6rten, noch aus den selbstst\u00e4ndigen Ortsteilen Siersdorf, B\u00fcren und Itzbach.<\/p>\n<p>Dies sollte mit ein Grund gewesen sein, warum sich das \u00f6rtliche Orchester erst vergleichsweise sp\u00e4t gr\u00fcndete,\u00a0 gab es seinerzeit im Landkreis\u00a0doch bereits einige Ensembles.<\/p>\n<p>Die wirtschaftlichen Verh\u00e4ltnisse waren alles andere als gut, so dass Instrumente und Noten rar waren und dennoch verf\u00fcgte das Blasorchester 1935 \u00fcber 25 Aktive.\u00a0 Unterbrochen durch die Belastungen der Kriegs-\u00a0 und Nachkriegsjahre, kam es erst 1952 zur Wiederaufnahme der musikalischen Belange.<\/p>\n<p>Karl Schramm sen., der auch den Vorsitz \u00fcbernahm, war massgeblicher Motor.\u00a0 Die Funktion des Vereinsvorsitzenden, bei einem\u00a0 der bedeutendsten Kulturtr\u00e4ger der Gemeinde, \u00fcbernahmen im Laufe der Jahre auch Karl und Adolf Schramm, die die Geschicke des Vereins entscheidend mit pr\u00e4gten.<\/p>\n<p>Seit 1995 war\u00a0Reiner Serwe (Trompete, Tenorhorn) erster Mann bei den Musikfreunden. Reiner wurde im Jahr 2015 von Marco Michel als 1. Vorsitzender abgel\u00f6st.<\/p>\n<p>In Siersburg wurde jeher, gro\u00dfer Wert auf die fachliche und soziale Kompetenz der musikalischen Leiter gelegt. Wechselten in den Anfangsjahren die Dirigenten noch verh\u00e4ltnism\u00e4ssig h\u00e4ufig, so gab es seit 1963 nach Peter K\u00f6rner (5 Jahre), Reinhold Selzer (25 Jahre), Franz Siebert (12 Jahre)\u00a0 und aktuell mit Charles Shearer (seit 2004) erst 4 Orchesterchefs.<\/p>\n<p>Das Orchester\u00a0 entwickelte sich so von einer damaligen Blaskapelle zum heutigen Klangk\u00f6rper mit weltoffenem sinfonischen Klangk\u00f6rper.<\/p>\n<p>Manchmal Big Band, manchmal\u00a0 Marching Band, manchmal \u2026.. aber stets dem geneigten Gast und Zuh\u00f6rer angemessen.<\/p>\n<p>Garant f\u00fcr den Erhalt von Musik und Verein im Ort, und daher von besonderer Bedeutung, ist die Re-krutierung und Ausbildung von NachwuchsmusikerInnen. Die Interessenslage hat sich seit den fr\u00fcheren \u201estarken\u201c Jahrg\u00e4ngen, bei vielen Jugendlichen erheblich ver\u00e4ndert. Daher wird mit einer\u00a0 Mischung kreativer Freizeitgestaltung und musikalischer Ausbildung f\u00fcr viel Spa\u00df und\u00a0 Abwechselung gesorgt.<\/p>\n<p>H\u00f6hepunkt eines jeden Jahres, ist das seit 1980 regelm\u00e4ssig 14 Tage vor Ostern, stattfindende \u201eFr\u00fchlingskonzert\u201c.\u00a0 Die 45 Musikerinnen und Musiker laufen auf der stets herrlich illuminierten B\u00fchne zu\u00a0klanglicher H\u00f6chstform auf.<\/p>\n","protected":false},"excerpt":{"rendered":"<p>Der Verein der Musikfreunde Siersburg e.V. wurde\u00a0 1932 gegr\u00fcndet. Damals kamen die Gr\u00fcndungsmitglieder, zu denen u.A. die vereinstraditionsreichen Familien Jung und Schramm geh\u00f6rten, noch aus den selbstst\u00e4ndigen Ortsteilen Siersdorf, B\u00fcren und Itzbach. Dies sollte mit ein Grund gewesen sein, warum sich das \u00f6rtliche Orchester erst vergleichsweise sp\u00e4t gr\u00fcndete,\u00a0 gab es seinerzeit im Landkreis\u00a0doch bereits einige &hellip; <a href=\"https:\/\/musikfreunde-siersburg.de\/?page_id=18\" class=\"more-link\"><span class=\"screen-reader-text\">\u00dcber uns<\/span> weiterlesen <span class=\"meta-nav\">&rarr;<\/span><\/a><\/p>\n","protected":false},"author":1,"featured_media":0,"parent":0,"menu_order":0,"comment_status":"closed","ping_status":"closed","template":"","meta":{"footnotes":""},"class_list":["post-18","page","type-page","status-publish","hentry"],"_links":{"self":[{"href":"https:\/\/musikfreunde-siersburg.de\/index.php?rest_route=\/wp\/v2\/pages\/18","targetHints":{"allow":["GET"]}}],"collection":[{"href":"https:\/\/musikfreunde-siersburg.de\/index.php?rest_route=\/wp\/v2\/pages"}],"about":[{"href":"https:\/\/musikfreunde-siersburg.de\/index.php?rest_route=\/wp\/v2\/types\/page"}],"author":[{"embeddable":true,"href":"https:\/\/musikfreunde-siersburg.de\/index.php?rest_route=\/wp\/v2\/users\/1"}],"replies":[{"embeddable":true,"href":"https:\/\/musikfreunde-siersburg.de\/index.php?rest_route=%2Fwp%2Fv2%2Fcomments&post=18"}],"version-history":[{"count":5,"href":"https:\/\/musikfreunde-siersburg.de\/index.php?rest_route=\/wp\/v2\/pages\/18\/revisions"}],"predecessor-version":[{"id":235,"href":"https:\/\/musikfreunde-siersburg.de\/index.php?rest_route=\/wp\/v2\/pages\/18\/revisions\/235"}],"wp:attachment":[{"href":"https:\/\/musikfreunde-siersburg.de\/index.php?rest_route=%2Fwp%2Fv2%2Fmedia&parent=18"}],"curies":[{"name":"wp","href":"https:\/\/api.w.org\/{rel}","templated":true}]}}