{"id":4,"date":"2014-04-29T15:28:10","date_gmt":"2014-04-29T15:28:10","guid":{"rendered":"http:\/\/musikfreunde-siersburg.de\/?page_id=4"},"modified":"2020-05-14T06:34:18","modified_gmt":"2020-05-14T06:34:18","slug":"willkommen","status":"publish","type":"page","link":"https:\/\/musikfreunde-siersburg.de\/","title":{"rendered":"Willkommen"},"content":{"rendered":"<p>Musikverein &#8222;Almenrausch&#8220; Rehlingen &#8211; Vielen Dank f\u00fcr die Nominierung! Hier findet Ihr unsere Antwort:<\/p>\n<div style=\"width: 604px;\" class=\"wp-video\"><video class=\"wp-video-shortcode\" id=\"video-4-1\" width=\"604\" height=\"340\" preload=\"metadata\" controls=\"controls\"><source type=\"video\/mp4\" src=\"https:\/\/musikfreunde-siersburg.de\/wp-content\/uploads\/Musikverein_Klopapier.mp4?_=1\" \/><a href=\"https:\/\/musikfreunde-siersburg.de\/wp-content\/uploads\/Musikverein_Klopapier.mp4\">https:\/\/musikfreunde-siersburg.de\/wp-content\/uploads\/Musikverein_Klopapier.mp4<\/a><\/video><\/div>\n<p>Es freut uns, Sie auf unsere Homepage begr\u00fc\u00dfen zu d\u00fcrfen.<\/p>\n<p>Der Verein der Musikfreunde Siersburg ist ein traditioneller Teil der Siersburger Vereinskultur. Wir sind stolz auf unsere Geschichte, die in 2012 bereits 80 Jahre andauert. Das Blasorchester bietet \u201eJung und Alt\u201c\u00a0 eine sinnvolle und anspruchsvolle Freizeitbesch\u00e4ftigung.<\/p>\n<p>Unser Dirigent stellt regelm\u00e4\u00dfig fest, dass\u00a0 die Bedeutung\u00a0 \u201eMusikverein\u201c aus zwei wesentlichen Begriffen zusammengesetzt wird : \u201e Musik\u201c\u00a0\u00a0 und \u201eVerein\u201c.\u00a0 Beides ist f\u00fcr ein gesellschaftliches Miteinander wichtig und daf\u00fcr treten wir ein.<br \/>\nAuf diesen Internetseiten k\u00f6nnen Sie den Verein der Musikfreunde Siersburg ein wenig kennenlernen. Ihnen stehen Termine, die Vereinsgeschichte, eine kleine Bildergalerie und einiges mehr zur Verf\u00fcgung.<\/p>\n<p>Haben wir Ihr Interesse geweckt? Nehmen Sie Kontakt mit uns auf, oder kommen Sie einfach zu einem unserer Termine. Details entnehmen Sie bitte dem Terminkalender!<\/p>\n<p>Wir freuen uns auf Sie !<\/p>\n<p>Haben Sie nun viel Freude beim St\u00f6bern auf unserer Seite.<\/p>\n<p>Ihre Musikfreunde Siersburg<\/p>\n","protected":false},"excerpt":{"rendered":"<p>Musikverein &#8222;Almenrausch&#8220; Rehlingen &#8211; Vielen Dank f\u00fcr die Nominierung! Hier findet Ihr unsere Antwort: Es freut uns, Sie auf unsere Homepage begr\u00fc\u00dfen zu d\u00fcrfen. Der Verein der Musikfreunde Siersburg ist ein traditioneller Teil der Siersburger Vereinskultur. Wir sind stolz auf unsere Geschichte, die in 2012 bereits 80 Jahre andauert. Das Blasorchester bietet \u201eJung und Alt\u201c\u00a0 &hellip; <a href=\"https:\/\/musikfreunde-siersburg.de\/\" class=\"more-link\"><span class=\"screen-reader-text\">Willkommen<\/span> weiterlesen <span class=\"meta-nav\">&rarr;<\/span><\/a><\/p>\n","protected":false},"author":1,"featured_media":13,"parent":0,"menu_order":0,"comment_status":"closed","ping_status":"closed","template":"","meta":{"footnotes":""},"class_list":["post-4","page","type-page","status-publish","has-post-thumbnail","hentry"],"_links":{"self":[{"href":"https:\/\/musikfreunde-siersburg.de\/index.php?rest_route=\/wp\/v2\/pages\/4","targetHints":{"allow":["GET"]}}],"collection":[{"href":"https:\/\/musikfreunde-siersburg.de\/index.php?rest_route=\/wp\/v2\/pages"}],"about":[{"href":"https:\/\/musikfreunde-siersburg.de\/index.php?rest_route=\/wp\/v2\/types\/page"}],"author":[{"embeddable":true,"href":"https:\/\/musikfreunde-siersburg.de\/index.php?rest_route=\/wp\/v2\/users\/1"}],"replies":[{"embeddable":true,"href":"https:\/\/musikfreunde-siersburg.de\/index.php?rest_route=%2Fwp%2Fv2%2Fcomments&post=4"}],"version-history":[{"count":6,"href":"https:\/\/musikfreunde-siersburg.de\/index.php?rest_route=\/wp\/v2\/pages\/4\/revisions"}],"predecessor-version":[{"id":977,"href":"https:\/\/musikfreunde-siersburg.de\/index.php?rest_route=\/wp\/v2\/pages\/4\/revisions\/977"}],"wp:featuredmedia":[{"embeddable":true,"href":"https:\/\/musikfreunde-siersburg.de\/index.php?rest_route=\/wp\/v2\/media\/13"}],"wp:attachment":[{"href":"https:\/\/musikfreunde-siersburg.de\/index.php?rest_route=%2Fwp%2Fv2%2Fmedia&parent=4"}],"curies":[{"name":"wp","href":"https:\/\/api.w.org\/{rel}","templated":true}]}}