{"id":835,"date":"2018-04-20T06:50:57","date_gmt":"2018-04-20T06:50:57","guid":{"rendered":"https:\/\/www.musikfreunde-siersburg.de\/?page_id=835"},"modified":"2018-10-04T09:09:08","modified_gmt":"2018-10-04T09:09:08","slug":"impressum_2","status":"publish","type":"page","link":"https:\/\/musikfreunde-siersburg.de\/?page_id=835","title":{"rendered":"Impressum"},"content":{"rendered":"<div class=\"tinymcewysiwyg\">\n<div class=\"\">Dieses Impressum gilt auch f\u00fcr die Profile unseres Vereins auf den folgenden sozialen Netzwerken:<\/div>\n<div>\u2013 facebook.com<\/div>\n<div>\u2013&gt; https:\/\/https:\/\/de-de.facebook.com\/Verein-der-Musikfreunde-Siersburg-1136770316362548\/<\/div>\n<\/div>\n<div><\/div>\n<div><\/div>\n<div class=\"tinymcewysiwyg\">\n<p><strong>Angaben gem\u00e4\u00df \u00a7 5 TMG:<\/strong><\/p>\n<p>Verein der Musikfreunde-Siersburg e.V.<\/p>\n<p>Zum Horst 33<br \/>\n66780 Rehlingen-Siersburg<\/p>\n<p>Vorstand:\u00a0<strong><a href=\"http:\/\/musikfreunde-siersburg.de\/?page_id=20\">siehe hier<\/a><\/strong><\/p>\n<p>Kontakt allgemein: <a href=\"https:\/\/musikfreunde-siersburg.de\/?page_id=38\"><strong>klick<\/strong><\/a><\/p>\n<p>Telefon: 06835\/ 2093<\/p>\n<p><strong>Vertretungsberechtigte Personen:<\/strong><\/p>\n<p>Marco Michel, 1. Vorsitzender<\/p>\n<p>(nicht besetzt), 2. Vorsitzender<\/p>\n<p>Christian Dahlem, Kassiererin<\/p>\n<p><strong>Vereinsregister:<\/strong><br \/>\nRegistergericht: Amtsgericht Saarlouis<br \/>\nRegisternummer: 617<\/p>\n<div><strong>Verantwortlicher gem\u00e4\u00df \u00a7 55 Abs. 2 RStV:<\/strong><\/div>\n<div>Marco Michel<\/div>\n<div>Zum Horst 33<\/div>\n<div>66780 Rehlingen-Siersburg<\/div>\n<\/div>\n<div><\/div>\n<div>\n<h2>Haftungsausschlusserkl\u00e4rung<\/h2>\n<p>Unsere Seiten werden mit gr\u00f6\u00dfter Sorgfalt erstellt. Ank\u00fcndigungen, Termine und \u00e4hnliche Hinweise verstehen sich vorbehaltlich sp\u00e4terer \u00c4nderungen und erfolgen ohne jegliche Gew\u00e4hr.<\/p>\n<p><strong>Externe Links<\/strong><br \/>\nWir haben auf unserer Webseite Links zu anderen Webseiten eingebaut. F\u00fcr die Inhalte von\u00a0verlinkten Seiten k\u00f6nnen wir keine Verantwortung \u00fcbernehmen, da wir keinerlei Einfluss auf die Gestaltung und die Inhalte der gelinkten Seiten haben. Daher distanzieren wir uns ausdr\u00fccklich von allen Inhalten gelinkter Seiten und machen uns diese Inhalte nicht zu Eigen. Gleiches gilt f\u00fcr alle Webseiten, zu denen die bei uns \u00fcber Banner und anderen Werbemittel verlinkt wird.<\/p>\n<\/div>\n","protected":false},"excerpt":{"rendered":"<p>Dieses Impressum gilt auch f\u00fcr die Profile unseres Vereins auf den folgenden sozialen Netzwerken: \u2013 facebook.com \u2013&gt; https:\/\/https:\/\/de-de.facebook.com\/Verein-der-Musikfreunde-Siersburg-1136770316362548\/ Angaben gem\u00e4\u00df \u00a7 5 TMG: Verein der Musikfreunde-Siersburg e.V. Zum Horst 33 66780 Rehlingen-Siersburg Vorstand:\u00a0siehe hier Kontakt allgemein: klick Telefon: 06835\/ 2093 Vertretungsberechtigte Personen: Marco Michel, 1. Vorsitzender (nicht besetzt), 2. Vorsitzender Christian Dahlem, Kassiererin Vereinsregister: Registergericht: &hellip; <a href=\"https:\/\/musikfreunde-siersburg.de\/?page_id=835\" class=\"more-link\"><span class=\"screen-reader-text\">Impressum<\/span> weiterlesen <span class=\"meta-nav\">&rarr;<\/span><\/a><\/p>\n","protected":false},"author":1,"featured_media":0,"parent":0,"menu_order":0,"comment_status":"closed","ping_status":"closed","template":"","meta":{"footnotes":""},"class_list":["post-835","page","type-page","status-publish","hentry"],"_links":{"self":[{"href":"https:\/\/musikfreunde-siersburg.de\/index.php?rest_route=\/wp\/v2\/pages\/835","targetHints":{"allow":["GET"]}}],"collection":[{"href":"https:\/\/musikfreunde-siersburg.de\/index.php?rest_route=\/wp\/v2\/pages"}],"about":[{"href":"https:\/\/musikfreunde-siersburg.de\/index.php?rest_route=\/wp\/v2\/types\/page"}],"author":[{"embeddable":true,"href":"https:\/\/musikfreunde-siersburg.de\/index.php?rest_route=\/wp\/v2\/users\/1"}],"replies":[{"embeddable":true,"href":"https:\/\/musikfreunde-siersburg.de\/index.php?rest_route=%2Fwp%2Fv2%2Fcomments&post=835"}],"version-history":[{"count":6,"href":"https:\/\/musikfreunde-siersburg.de\/index.php?rest_route=\/wp\/v2\/pages\/835\/revisions"}],"predecessor-version":[{"id":922,"href":"https:\/\/musikfreunde-siersburg.de\/index.php?rest_route=\/wp\/v2\/pages\/835\/revisions\/922"}],"wp:attachment":[{"href":"https:\/\/musikfreunde-siersburg.de\/index.php?rest_route=%2Fwp%2Fv2%2Fmedia&parent=835"}],"curies":[{"name":"wp","href":"https:\/\/api.w.org\/{rel}","templated":true}]}}